{"id":14046,"date":"2020-11-15T12:51:00","date_gmt":"2020-11-15T12:51:00","guid":{"rendered":"http:\/\/www.nonakaconseil.fr\/?page_id=14046"},"modified":"2020-11-15T12:57:02","modified_gmt":"2020-11-15T12:57:02","slug":"apiculture","status":"publish","type":"page","link":"https:\/\/www.nonakaconseil.fr\/?page_id=14046","title":{"rendered":"APICULTURE"},"content":{"rendered":"\n<p>Un nouvelle activit\u00e9 ; une autre approche p\u00e9dagogique. S&rsquo;occuper d&rsquo;abeilles oblige \u00e0 incarner sa parole dans l&rsquo;action<\/p>\n","protected":false},"excerpt":{"rendered":"<p>Un nouvelle activit\u00e9 ; une autre approche p\u00e9dagogique. S&rsquo;occuper d&rsquo;abeilles oblige \u00e0 incarner sa parole dans l&rsquo;action<\/p>\n","protected":false},"author":1,"featured_media":0,"parent":0,"menu_order":0,"comment_status":"closed","ping_status":"closed","template":"","meta":{"_bbp_topic_count":0,"_bbp_reply_count":0,"_bbp_total_topic_count":0,"_bbp_total_reply_count":0,"_bbp_voice_count":0,"_bbp_anonymous_reply_count":0,"_bbp_topic_count_hidden":0,"_bbp_reply_count_hidden":0,"_bbp_forum_subforum_count":0,"footnotes":""},"class_list":["post-14046","page","type-page","status-publish","hentry"],"_links":{"self":[{"href":"https:\/\/www.nonakaconseil.fr\/index.php?rest_route=\/wp\/v2\/pages\/14046","targetHints":{"allow":["GET"]}}],"collection":[{"href":"https:\/\/www.nonakaconseil.fr\/index.php?rest_route=\/wp\/v2\/pages"}],"about":[{"href":"https:\/\/www.nonakaconseil.fr\/index.php?rest_route=\/wp\/v2\/types\/page"}],"author":[{"embeddable":true,"href":"https:\/\/www.nonakaconseil.fr\/index.php?rest_route=\/wp\/v2\/users\/1"}],"replies":[{"embeddable":true,"href":"https:\/\/www.nonakaconseil.fr\/index.php?rest_route=%2Fwp%2Fv2%2Fcomments&post=14046"}],"version-history":[{"count":1,"href":"https:\/\/www.nonakaconseil.fr\/index.php?rest_route=\/wp\/v2\/pages\/14046\/revisions"}],"predecessor-version":[{"id":14048,"href":"https:\/\/www.nonakaconseil.fr\/index.php?rest_route=\/wp\/v2\/pages\/14046\/revisions\/14048"}],"wp:attachment":[{"href":"https:\/\/www.nonakaconseil.fr\/index.php?rest_route=%2Fwp%2Fv2%2Fmedia&parent=14046"}],"curies":[{"name":"wp","href":"https:\/\/api.w.org\/{rel}","templated":true}]}}