{"id":35,"date":"2012-08-28T21:23:17","date_gmt":"2012-08-28T21:23:17","guid":{"rendered":"http:\/\/www.ecotimesecretariat.fr\/nonaka\/?page_id=35"},"modified":"2024-09-13T07:32:59","modified_gmt":"2024-09-13T07:32:59","slug":"a-propos-de-nonaka","status":"publish","type":"page","link":"https:\/\/www.nonakaconseil.fr\/","title":{"rendered":"A PROPOS DE NONAKA CONSEIL"},"content":{"rendered":"<p style=\"text-align: center;\"><strong><span style=\"font-size: 14px;\"><span style=\"color: #b22222;\"><span style=\"font-family: tahoma, geneva, sans-serif;\"><a href=\"http:\/\/www.nonakaconseil.fr\/wp-content\/uploads\/2020\/02\/Photo-Christophe-Chabin.jpg\"><img loading=\"lazy\" decoding=\"async\" class=\"alignnone size-thumbnail wp-image-13951\" src=\"http:\/\/www.nonakaconseil.fr\/wp-content\/uploads\/2020\/02\/Photo-Christophe-Chabin-150x150.jpg\" alt=\"\" width=\"150\" height=\"150\" \/><\/a>Ce site n\u2019est pas un acte commercial num\u00e9rique.<\/span><span style=\"font-family: tahoma, geneva, sans-serif; font-size: 14px;\">Ni m\u00eame une op\u00e9ration marketing.<\/span><\/span><\/span><\/strong><\/p>\n<p style=\"text-align: center;\"><span style=\"font-family: tahoma, geneva, sans-serif; font-size: 14px;\">Nous ne cherchons pas \u00e0 donner un coup de jeune \u00e0 des m\u00e9tiers anciens, ceux de la formation et du conseil.<\/span><\/p>\n<p style=\"text-align: center;\"><span style=\"font-family: tahoma, geneva, sans-serif; font-size: 14px;\">Ce site est volontairement perdu parmi ses pairs, anonyme, dans la fosse-commune des demandes en ligne. Il \u00e9chappe aux \u00ab\u00a0googleliseurs\u00a0\u00bb compulsifs que nous sommes devenus.<\/span><\/p>\n<p style=\"text-align: center;\"><span style=\"font-size: 14px;\"><span style=\"font-family: tahoma, geneva, sans-serif;\">Car il n\u2019a de vis\u00e9e que p\u00e9dagogique. Il n\u2019accueille que des invit\u00e9s. Par lui, nous esp\u00e9rons renouveler notre approche du m\u00e9tier.<\/span><\/span><\/p>\n<p style=\"text-align: center;\"><span style=\"font-size: 14px;\"><span style=\"font-family: tahoma, geneva, sans-serif;\">En entrant votre identifiant et votre mot de passe, chacun de vous peut :<\/span><\/span><\/p>\n<p style=\"text-align: center;\"><span style=\"font-size: 14px;\"><span style=\"font-family: tahoma, geneva, sans-serif;\">\u00b7 Se pr\u00e9senter, d\u00e9couvrir les autres participants et l\u2019animateur.<br \/>\n<\/span><\/span><span style=\"font-size: 14px;\"><span style=\"font-family: tahoma, geneva, sans-serif;\">\u00b7 T\u00e9l\u00e9charger la documentation p\u00e9dagogique du module auquel il est inscrit<br \/>\n<\/span><\/span><span style=\"font-size: 14px;\"><span style=\"font-family: tahoma, geneva, sans-serif;\">\u00b7 Echanger, tchatter, s\u2019inscrire \u00e0 une audio ou une visioconf\u00e9rence, participer au forum d\u00e9di\u00e9&#8230;<br \/>\n<\/span><\/span><span style=\"font-size: 14px;\"><span style=\"font-family: tahoma, geneva, sans-serif;\">\u00b7 Consulter les newsletters du formateur<\/span><\/span><\/p>\n<p style=\"text-align: center;\"><span style=\"font-size: 14px;\"><span style=\"font-family: tahoma, geneva, sans-serif;\">Ce site est donc le support p\u00e9dagogique dont nous r\u00eavions depuis longtemps. C\u2019est \u00e0 vous de l\u2019ancrer dans la r\u00e9alit\u00e9. Nous avons juste cr\u00e9\u00e9 ici les conditions de possibilit\u00e9 d\u2019un \u00e9change fructueux entre vous.<\/span><\/span><\/p>\n","protected":false},"excerpt":{"rendered":"<p>Ce site n\u2019est pas un acte commercial num\u00e9rique.Ni m\u00eame une op\u00e9ration marketing. Nous ne cherchons pas \u00e0 donner un coup de jeune \u00e0 des m\u00e9tiers anciens, ceux de la formation et du conseil. Ce site est volontairement perdu parmi ses pairs, anonyme, dans la fosse-commune des demandes en ligne. Il \u00e9chappe aux \u00ab\u00a0googleliseurs\u00a0\u00bb compulsifs que [&hellip;]<\/p>\n","protected":false},"author":1,"featured_media":0,"parent":0,"menu_order":0,"comment_status":"closed","ping_status":"closed","template":"","meta":{"_bbp_topic_count":0,"_bbp_reply_count":0,"_bbp_total_topic_count":0,"_bbp_total_reply_count":0,"_bbp_voice_count":0,"_bbp_anonymous_reply_count":0,"_bbp_topic_count_hidden":0,"_bbp_reply_count_hidden":0,"_bbp_forum_subforum_count":0,"footnotes":""},"class_list":["post-35","page","type-page","status-publish","hentry"],"_links":{"self":[{"href":"https:\/\/www.nonakaconseil.fr\/index.php?rest_route=\/wp\/v2\/pages\/35","targetHints":{"allow":["GET"]}}],"collection":[{"href":"https:\/\/www.nonakaconseil.fr\/index.php?rest_route=\/wp\/v2\/pages"}],"about":[{"href":"https:\/\/www.nonakaconseil.fr\/index.php?rest_route=\/wp\/v2\/types\/page"}],"author":[{"embeddable":true,"href":"https:\/\/www.nonakaconseil.fr\/index.php?rest_route=\/wp\/v2\/users\/1"}],"replies":[{"embeddable":true,"href":"https:\/\/www.nonakaconseil.fr\/index.php?rest_route=%2Fwp%2Fv2%2Fcomments&post=35"}],"version-history":[{"count":17,"href":"https:\/\/www.nonakaconseil.fr\/index.php?rest_route=\/wp\/v2\/pages\/35\/revisions"}],"predecessor-version":[{"id":14262,"href":"https:\/\/www.nonakaconseil.fr\/index.php?rest_route=\/wp\/v2\/pages\/35\/revisions\/14262"}],"wp:attachment":[{"href":"https:\/\/www.nonakaconseil.fr\/index.php?rest_route=%2Fwp%2Fv2%2Fmedia&parent=35"}],"curies":[{"name":"wp","href":"https:\/\/api.w.org\/{rel}","templated":true}]}}